{"id":33,"date":"2015-06-16T13:44:42","date_gmt":"2015-06-16T16:44:42","guid":{"rendered":"http:\/\/www.cognicionnumerica.psico.edu.uy\/proyectos\/home\/?page_id=33"},"modified":"2023-06-23T16:19:07","modified_gmt":"2023-06-23T19:19:07","slug":"multimedia","status":"publish","type":"page","link":"https:\/\/cognicionnumerica.cicea.uy\/en\/multimedia\/","title":{"rendered":"Media"},"content":{"rendered":"\t\t<div data-elementor-type=\"wp-page\" data-elementor-id=\"33\" class=\"elementor elementor-33\">\n\t\t\t\t\t\t\t\t\t<section data-marvy_enable_drop_animation=\"false\" data-marvy_enable_fancy_rotate=\"false\" data-marvy_enable_flying_object=\"false\" data-marvy_enable_ripples_animation=\"false\" data-marvy_enable_waves_animation=\"false\" data-marvy_enable_rings_animation=\"false\" data-marvy_enable_topology_animation=\"false\" data-marvy_enable_gradient_animation=\"false\" data-marvy_enable_snow_animation=\"false\" data-marvy_enable_firework_animation=\"false\" data-marvy_enable_cloud_animation=\"false\" class=\"elementor-section elementor-top-section elementor-element elementor-element-367c8af elementor-section-boxed elementor-section-height-default elementor-section-height-default\" data-id=\"367c8af\" data-element_type=\"section\">\n\t\t\t\t\t\t<div class=\"elementor-container elementor-column-gap-default\">\n\t\t\t\t\t<div class=\"elementor-column elementor-col-33 elementor-top-column elementor-element elementor-element-87fa15b\" data-id=\"87fa15b\" data-element_type=\"column\">\n\t\t\t<div class=\"elementor-widget-wrap elementor-element-populated\">\n\t\t\t\t\t\t\t\t<div class=\"elementor-element elementor-element-2c6c9eb elementor-widget elementor-widget-image\" data-id=\"2c6c9eb\" data-element_type=\"widget\" data-widget_type=\"image.default\">\n\t\t\t\t<div class=\"elementor-widget-container\">\n\t\t\t\t\t\t\t\t\t\t\t\t<figure class=\"wp-caption\">\n\t\t\t\t\t\t\t\t\t\t<img decoding=\"async\" width=\"300\" height=\"221\" src=\"https:\/\/cognicionnumerica.cicea.uy\/wp-content\/uploads\/2023\/06\/Captura-de-pantalla-153-300x221.png?wsr\" class=\"attachment-medium size-medium wp-image-1550\" alt=\"\" loading=\"lazy\" srcset=\"https:\/\/cognicionnumerica.cicea.uy\/wp-content\/uploads\/2023\/06\/Captura-de-pantalla-153-300x221.png 300w, https:\/\/cognicionnumerica.cicea.uy\/wp-content\/uploads\/2023\/06\/Captura-de-pantalla-153.png 466w\" sizes=\"(max-width: 300px) 100vw, 300px\" \/>\t\t\t\t\t\t\t\t\t\t\t<figcaption class=\"widget-image-caption wp-caption-text\"><\/figcaption>\n\t\t\t\t\t\t\t\t\t\t<\/figure>\n\t\t\t\t\t\t\t\t\t<\/div>\n\t\t\t\t<\/div>\n\t\t\t\t\t<\/div>\n\t\t<\/div>\n\t\t\t\t<div class=\"elementor-column elementor-col-66 elementor-top-column elementor-element elementor-element-fcf6f68\" data-id=\"fcf6f68\" data-element_type=\"column\">\n\t\t\t<div class=\"elementor-widget-wrap elementor-element-populated\">\n\t\t\t\t\t\t\t\t<div class=\"elementor-element elementor-element-77f3ed7 elementor-widget elementor-widget-heading\" data-id=\"77f3ed7\" data-element_type=\"widget\" data-widget_type=\"heading.default\">\n\t\t\t\t<div class=\"elementor-widget-container\">\n\t\t\t<h1 class=\"elementor-heading-title elementor-size-medium\"><a href=\"https:\/\/ladiaria.com.uy\/educacion\/articulo\/2022\/10\/acompanamientos-personalizados-romper-brechas-de-genero-y-diagnosticos-mas-tempranos-son-claves-para-mejorar-aprendizajes-en-matematica\/\"><b>Acompa\u00f1amientos personalizados,<\/b><br><b> romper brechas de g\u00e9nero y <\/b><br><b>diagn\u00f3sticos m\u00e1s tempranos <\/b><br><b>son claves para mejorar aprendizajes<\/b><br><b> en matem\u00e1tica<\/b><\/a><\/h1>\t\t<\/div>\n\t\t\t\t<\/div>\n\t\t\t\t\t<\/div>\n\t\t<\/div>\n\t\t\t\t\t\t\t<\/div>\n\t\t<\/section>\n\t\t\t\t<section data-marvy_enable_drop_animation=\"false\" data-marvy_enable_fancy_rotate=\"false\" data-marvy_enable_flying_object=\"false\" data-marvy_enable_ripples_animation=\"false\" data-marvy_enable_waves_animation=\"false\" data-marvy_enable_rings_animation=\"false\" data-marvy_enable_topology_animation=\"false\" data-marvy_enable_gradient_animation=\"false\" data-marvy_enable_snow_animation=\"false\" data-marvy_enable_firework_animation=\"false\" data-marvy_enable_cloud_animation=\"false\" class=\"elementor-section elementor-top-section elementor-element elementor-element-acf18be elementor-section-boxed elementor-section-height-default elementor-section-height-default\" data-id=\"acf18be\" data-element_type=\"section\">\n\t\t\t\t\t\t<div class=\"elementor-container elementor-column-gap-default\">\n\t\t\t\t\t<div class=\"elementor-column elementor-col-100 elementor-top-column elementor-element elementor-element-d38b12d\" data-id=\"d38b12d\" data-element_type=\"column\">\n\t\t\t<div class=\"elementor-widget-wrap elementor-element-populated\">\n\t\t\t\t\t\t\t\t<div class=\"elementor-element elementor-element-833b0f2 elementor-widget elementor-widget-text-editor\" data-id=\"833b0f2\" data-element_type=\"widget\" data-widget_type=\"text-editor.default\">\n\t\t\t\t<div class=\"elementor-widget-container\">\n\t\t\t\t\t\t\t<hr \/><p>\u00a0<\/p>\t\t\t\t\t\t<\/div>\n\t\t\t\t<\/div>\n\t\t\t\t<div class=\"elementor-element elementor-element-658e224 elementor-widget elementor-widget-text-editor\" data-id=\"658e224\" data-element_type=\"widget\" data-widget_type=\"text-editor.default\">\n\t\t\t\t<div class=\"elementor-widget-container\">\n\t\t\t\t\t\t\t<span style=\"font-size: 15.68px;\">\r\n\t<!-- Begin Video.js -->\r\n\t<video id=\"example_video_id_1255436423\" class=\"video-js vjs-default-skin\" width=\"50%\" height=\"264\" controls preload=\"none\" data-setup='[]'>\r\n\t\t\r\n\t\t\r\n\t\t\r\n\t<\/video>\r\n\t<!-- End Video.js -->\r\n<\/span>\n\t\t\t\t\t\t<\/div>\n\t\t\t\t<\/div>\n\t\t\t\t<div class=\"elementor-element elementor-element-3fb7605 elementor-widget elementor-widget-heading\" data-id=\"3fb7605\" data-element_type=\"widget\" data-widget_type=\"heading.default\">\n\t\t\t\t<div class=\"elementor-widget-container\">\n\t\t\t<h6 class=\"elementor-heading-title elementor-size-small\">Nota de Infobae, fecha: Entrevista a Alejandro Maiche sobre la tecnolog\u00eda en el aula<\/h6>\t\t<\/div>\n\t\t\t\t<\/div>\n\t\t\t\t<div class=\"elementor-element elementor-element-b1ba83d elementor-widget elementor-widget-text-editor\" data-id=\"b1ba83d\" data-element_type=\"widget\" data-widget_type=\"text-editor.default\">\n\t\t\t\t<div class=\"elementor-widget-container\">\n\t\t\t\t\t\t\t<hr \/><p>\u00a0<\/p>\t\t\t\t\t\t<\/div>\n\t\t\t\t<\/div>\n\t\t\t\t<div class=\"elementor-element elementor-element-8e01c92 elementor-widget elementor-widget-spacer\" data-id=\"8e01c92\" data-element_type=\"widget\" data-widget_type=\"spacer.default\">\n\t\t\t\t<div class=\"elementor-widget-container\">\n\t\t\t\t\t<div class=\"elementor-spacer\">\n\t\t\t<div class=\"elementor-spacer-inner\"><\/div>\n\t\t<\/div>\n\t\t\t\t<\/div>\n\t\t\t\t<\/div>\n\t\t\t\t\t<\/div>\n\t\t<\/div>\n\t\t\t\t\t\t\t<\/div>\n\t\t<\/section>\n\t\t\t\t<section data-marvy_enable_drop_animation=\"false\" data-marvy_enable_fancy_rotate=\"false\" data-marvy_enable_flying_object=\"false\" data-marvy_enable_ripples_animation=\"false\" data-marvy_enable_waves_animation=\"false\" data-marvy_enable_rings_animation=\"false\" data-marvy_enable_topology_animation=\"false\" data-marvy_enable_gradient_animation=\"false\" data-marvy_enable_snow_animation=\"false\" data-marvy_enable_firework_animation=\"false\" data-marvy_enable_cloud_animation=\"false\" class=\"elementor-section elementor-top-section elementor-element elementor-element-282d909 elementor-section-boxed elementor-section-height-default elementor-section-height-default\" data-id=\"282d909\" data-element_type=\"section\">\n\t\t\t\t\t\t<div class=\"elementor-container elementor-column-gap-default\">\n\t\t\t\t\t<div class=\"elementor-column elementor-col-100 elementor-top-column elementor-element elementor-element-ef9ca99\" data-id=\"ef9ca99\" data-element_type=\"column\">\n\t\t\t<div class=\"elementor-widget-wrap elementor-element-populated\">\n\t\t\t\t\t\t\t\t<div class=\"elementor-element elementor-element-df3a4d6 elementor-widget elementor-widget-text-editor\" data-id=\"df3a4d6\" data-element_type=\"widget\" data-widget_type=\"text-editor.default\">\n\t\t\t\t<div class=\"elementor-widget-container\">\n\t\t\t\t\t\t\t<p><span style=\"font-size: 15.68px;\">\r\n\t<!-- Begin Video.js -->\r\n\t<video id=\"example_video_id_1076915110\" class=\"video-js vjs-default-skin\" width=\"50%\" height=\"264\" controls preload=\"none\" data-setup='[]'>\r\n\t\t\r\n\t\t\r\n\t\t\r\n\t<\/video>\r\n\t<!-- End Video.js -->\r\n<\/span><\/p>\t\t\t\t\t\t<\/div>\n\t\t\t\t<\/div>\n\t\t\t\t<div class=\"elementor-element elementor-element-1b6a64f elementor-widget elementor-widget-heading\" data-id=\"1b6a64f\" data-element_type=\"widget\" data-widget_type=\"heading.default\">\n\t\t\t\t<div class=\"elementor-widget-container\">\n\t\t\t<h6 class=\"elementor-heading-title elementor-size-small\">Nota en En Perspectiva del 10 de junio de 2019: sobre las sesiones de direcci\u00f3n de los organismos de ense\u00f1anza<br><\/h6>\t\t<\/div>\n\t\t\t\t<\/div>\n\t\t\t\t<div class=\"elementor-element elementor-element-311ca63 elementor-widget elementor-widget-text-editor\" data-id=\"311ca63\" data-element_type=\"widget\" data-widget_type=\"text-editor.default\">\n\t\t\t\t<div class=\"elementor-widget-container\">\n\t\t\t\t\t\t\t<hr \/><p>\u00a0<\/p>\t\t\t\t\t\t<\/div>\n\t\t\t\t<\/div>\n\t\t\t\t\t<\/div>\n\t\t<\/div>\n\t\t\t\t\t\t\t<\/div>\n\t\t<\/section>\n\t\t\t\t<section data-marvy_enable_drop_animation=\"false\" data-marvy_enable_fancy_rotate=\"false\" data-marvy_enable_flying_object=\"false\" data-marvy_enable_ripples_animation=\"false\" data-marvy_enable_waves_animation=\"false\" data-marvy_enable_rings_animation=\"false\" data-marvy_enable_topology_animation=\"false\" data-marvy_enable_gradient_animation=\"false\" data-marvy_enable_snow_animation=\"false\" data-marvy_enable_firework_animation=\"false\" data-marvy_enable_cloud_animation=\"false\" class=\"elementor-section elementor-top-section elementor-element elementor-element-6bb6d59 elementor-section-boxed elementor-section-height-default elementor-section-height-default\" data-id=\"6bb6d59\" data-element_type=\"section\">\n\t\t\t\t\t\t<div class=\"elementor-container elementor-column-gap-default\">\n\t\t\t\t\t<div class=\"elementor-column elementor-col-100 elementor-top-column elementor-element elementor-element-3547754\" data-id=\"3547754\" data-element_type=\"column\">\n\t\t\t<div class=\"elementor-widget-wrap elementor-element-populated\">\n\t\t\t\t\t\t\t\t<div class=\"elementor-element elementor-element-66f2239 elementor-widget elementor-widget-spacer\" data-id=\"66f2239\" data-element_type=\"widget\" data-widget_type=\"spacer.default\">\n\t\t\t\t<div class=\"elementor-widget-container\">\n\t\t\t\t\t<div class=\"elementor-spacer\">\n\t\t\t<div class=\"elementor-spacer-inner\"><\/div>\n\t\t<\/div>\n\t\t\t\t<\/div>\n\t\t\t\t<\/div>\n\t\t\t\t<div class=\"elementor-element elementor-element-d4e3d68 elementor-widget elementor-widget-image\" data-id=\"d4e3d68\" data-element_type=\"widget\" data-widget_type=\"image.default\">\n\t\t\t\t<div class=\"elementor-widget-container\">\n\t\t\t\t\t\t\t\t\t\t\t\t\t\t\t\t<a href=\"https:\/\/psico.edu.uy\/presencias-en-medios\/hay-que-romper-el-modelo-clasico-de-escuela\">\n\t\t\t\t\t\t\t<img decoding=\"async\" width=\"300\" height=\"225\" src=\"https:\/\/cognicionnumerica.cicea.uy\/wp-content\/uploads\/2023\/06\/Captura-de-pantalla-155-300x225.png?wsr\" class=\"attachment-medium size-medium wp-image-1571\" alt=\"\" loading=\"lazy\" srcset=\"https:\/\/cognicionnumerica.cicea.uy\/wp-content\/uploads\/2023\/06\/Captura-de-pantalla-155-300x225.png 300w, https:\/\/cognicionnumerica.cicea.uy\/wp-content\/uploads\/2023\/06\/Captura-de-pantalla-155.png 302w\" sizes=\"(max-width: 300px) 100vw, 300px\" \/>\t\t\t\t\t\t\t\t<\/a>\n\t\t\t\t\t\t\t\t\t\t\t\t\t\t\t<\/div>\n\t\t\t\t<\/div>\n\t\t\t\t<div class=\"elementor-element elementor-element-babb0dd elementor-widget elementor-widget-heading\" data-id=\"babb0dd\" data-element_type=\"widget\" data-widget_type=\"heading.default\">\n\t\t\t\t<div class=\"elementor-widget-container\">\n\t\t\t<h2 class=\"elementor-heading-title elementor-size-default\"><a href=\"https:\/\/psico.edu.uy\/presencias-en-medios\/hay-que-romper-el-modelo-clasico-de-escuela\"><span style=\"color: var( --e-global-color-primary ); font-family: var( --e-global-typography-primary-font-family ), Sans-serif; font-size: 15.68px; font-weight: var( --e-global-typography-primary-font-weight );\">Nota en El Pa\u00eds del 5 de marzo de 2019: sobre \"Hay que romper el modelo cl\u00e1sico de escuela<\/span><\/a><\/h2>\t\t<\/div>\n\t\t\t\t<\/div>\n\t\t\t\t<div class=\"elementor-element elementor-element-f9d9fdc elementor-widget elementor-widget-spacer\" data-id=\"f9d9fdc\" data-element_type=\"widget\" data-widget_type=\"spacer.default\">\n\t\t\t\t<div class=\"elementor-widget-container\">\n\t\t\t\t\t<div class=\"elementor-spacer\">\n\t\t\t<div class=\"elementor-spacer-inner\"><\/div>\n\t\t<\/div>\n\t\t\t\t<\/div>\n\t\t\t\t<\/div>\n\t\t\t\t\t<\/div>\n\t\t<\/div>\n\t\t\t\t\t\t\t<\/div>\n\t\t<\/section>\n\t\t\t\t<section data-marvy_enable_drop_animation=\"false\" data-marvy_enable_fancy_rotate=\"false\" data-marvy_enable_flying_object=\"false\" data-marvy_enable_ripples_animation=\"false\" data-marvy_enable_waves_animation=\"false\" data-marvy_enable_rings_animation=\"false\" data-marvy_enable_topology_animation=\"false\" data-marvy_enable_gradient_animation=\"false\" data-marvy_enable_snow_animation=\"false\" data-marvy_enable_firework_animation=\"false\" data-marvy_enable_cloud_animation=\"false\" class=\"elementor-section elementor-top-section elementor-element elementor-element-62f003e elementor-section-boxed elementor-section-height-default elementor-section-height-default\" data-id=\"62f003e\" data-element_type=\"section\">\n\t\t\t\t\t\t<div class=\"elementor-container elementor-column-gap-default\">\n\t\t\t\t\t<div class=\"elementor-column elementor-col-100 elementor-top-column elementor-element elementor-element-65e2bac\" data-id=\"65e2bac\" data-element_type=\"column\">\n\t\t\t<div class=\"elementor-widget-wrap elementor-element-populated\">\n\t\t\t\t\t\t\t\t<div class=\"elementor-element elementor-element-52687f9 elementor-widget elementor-widget-image\" data-id=\"52687f9\" data-element_type=\"widget\" data-widget_type=\"image.default\">\n\t\t\t\t<div class=\"elementor-widget-container\">\n\t\t\t\t\t\t\t\t\t\t\t\t\t\t\t\t<a href=\"https:\/\/www.carmeloportal.com\/48603-las-tecnologias-influyen-en-los-procesos-de-aprendizaje-durante-la-infancia\">\n\t\t\t\t\t\t\t<img decoding=\"async\" width=\"300\" height=\"153\" src=\"https:\/\/cognicionnumerica.cicea.uy\/wp-content\/uploads\/2023\/06\/Captura-de-pantalla-156-300x153.png?wsr\" class=\"attachment-medium size-medium wp-image-1572\" alt=\"\" loading=\"lazy\" srcset=\"https:\/\/cognicionnumerica.cicea.uy\/wp-content\/uploads\/2023\/06\/Captura-de-pantalla-156-300x153.png 300w, https:\/\/cognicionnumerica.cicea.uy\/wp-content\/uploads\/2023\/06\/Captura-de-pantalla-156-768x391.png 768w, https:\/\/cognicionnumerica.cicea.uy\/wp-content\/uploads\/2023\/06\/Captura-de-pantalla-156-624x318.png 624w, https:\/\/cognicionnumerica.cicea.uy\/wp-content\/uploads\/2023\/06\/Captura-de-pantalla-156.png 799w\" sizes=\"(max-width: 300px) 100vw, 300px\" \/>\t\t\t\t\t\t\t\t<\/a>\n\t\t\t\t\t\t\t\t\t\t\t\t\t\t\t<\/div>\n\t\t\t\t<\/div>\n\t\t\t\t<div class=\"elementor-element elementor-element-88733f1 elementor-widget elementor-widget-heading\" data-id=\"88733f1\" data-element_type=\"widget\" data-widget_type=\"heading.default\">\n\t\t\t\t<div class=\"elementor-widget-container\">\n\t\t\t<h2 class=\"elementor-heading-title elementor-size-default\"><a href=\"https:\/\/www.carmeloportal.com\/48603-las-tecnologias-influyen-en-los-procesos-de-aprendizaje-durante-la-infancia\"><span style=\"color: var( --e-global-color-primary ); font-family: var( --e-global-typography-primary-font-family ), Sans-serif; font-size: 15.68px; font-weight: var( --e-global-typography-primary-font-weight );\">Nota en en Carmelo Portal.com del 17 de setiembre de 2019: sobre Las tecnolog\u00edas influyen en los procesos de aprendizaje durante la infancia<\/span><\/a><\/h2>\t\t<\/div>\n\t\t\t\t<\/div>\n\t\t\t\t<div class=\"elementor-element elementor-element-bce8aa6 elementor-widget elementor-widget-spacer\" data-id=\"bce8aa6\" data-element_type=\"widget\" data-widget_type=\"spacer.default\">\n\t\t\t\t<div class=\"elementor-widget-container\">\n\t\t\t\t\t<div class=\"elementor-spacer\">\n\t\t\t<div class=\"elementor-spacer-inner\"><\/div>\n\t\t<\/div>\n\t\t\t\t<\/div>\n\t\t\t\t<\/div>\n\t\t\t\t<div class=\"elementor-element elementor-element-b04ed36 elementor-widget elementor-widget-text-editor\" data-id=\"b04ed36\" data-element_type=\"widget\" data-widget_type=\"text-editor.default\">\n\t\t\t\t<div class=\"elementor-widget-container\">\n\t\t\t\t\t\t\t<hr \/><p>\u00a0<\/p>\t\t\t\t\t\t<\/div>\n\t\t\t\t<\/div>\n\t\t\t\t\t<\/div>\n\t\t<\/div>\n\t\t\t\t\t\t\t<\/div>\n\t\t<\/section>\n\t\t\t\t<section data-marvy_enable_drop_animation=\"false\" data-marvy_enable_fancy_rotate=\"false\" data-marvy_enable_flying_object=\"false\" data-marvy_enable_ripples_animation=\"false\" data-marvy_enable_waves_animation=\"false\" data-marvy_enable_rings_animation=\"false\" data-marvy_enable_topology_animation=\"false\" data-marvy_enable_gradient_animation=\"false\" data-marvy_enable_snow_animation=\"false\" data-marvy_enable_firework_animation=\"false\" data-marvy_enable_cloud_animation=\"false\" class=\"elementor-section elementor-top-section elementor-element elementor-element-1fd47d6a elementor-section-boxed elementor-section-height-default elementor-section-height-default\" data-id=\"1fd47d6a\" data-element_type=\"section\">\n\t\t\t\t\t\t<div class=\"elementor-container elementor-column-gap-default\">\n\t\t\t\t\t<div class=\"elementor-column elementor-col-100 elementor-top-column elementor-element elementor-element-3b92c60f\" data-id=\"3b92c60f\" data-element_type=\"column\">\n\t\t\t<div class=\"elementor-widget-wrap elementor-element-populated\">\n\t\t\t\t\t\t\t\t<div class=\"elementor-element elementor-element-6a0ae322 elementor-widget elementor-widget-text-editor\" data-id=\"6a0ae322\" data-element_type=\"widget\" data-widget_type=\"text-editor.default\">\n\t\t\t\t<div class=\"elementor-widget-container\">\n\t\t\t\t\t\t\t<p><\/p><ul><li><p>Presentation \u2013 \u201c<em>One, two \u2026 and? Test!<\/em>\u201d \u2013 <a href=\"http:\/\/www.tedxmontevideo.org\/videos\/edicion-2014\/\" target=\"_blank\" rel=\"noopener\">TEDxMontevideoED<\/a>; September, 2014<\/p>\r\n\t<!-- Begin Video.js -->\r\n\t<video id=\"example_video_id_1903546696\" class=\"video-js vjs-default-skin\" width=\"50%\" height=\"264\" controls preload=\"none\" data-setup='{\"forceSSL\":\"true\",\"techOrder\":[\"youtube\"],\"src\":\"http:\/\/www.youtube.com\/watch?v=O4xiApaSprM\"}'>\r\n\t\t\r\n\t\t\r\n\t\t\r\n\t<\/video>\r\n\t<!-- End Video.js -->\r\n<\/li><li><p><a href=\"https:\/\/www.youtube.com\/watch?v=R5gE3sXbhE8\" target=\"_blank\" rel=\"noopener\">Talk<\/a> on STEM learning \u2013 Academia Brasilera de Ciencias; July, 2015.<\/p>\r\n\t<!-- Begin Video.js -->\r\n\t<video id=\"example_video_id_330279187\" class=\"video-js vjs-default-skin\" width=\"50%\" height=\"264\" controls preload=\"none\" data-setup='{\"forceSSL\":\"true\",\"techOrder\":[\"youtube\"],\"src\":\"http:\/\/www.youtube.com\/watch?v=R5gE3sXbhE8\"}'>\r\n\t\t\r\n\t\t\r\n\t\t\r\n\t<\/video>\r\n\t<!-- End Video.js -->\r\n<\/li><\/ul><p><\/p>\t\t\t\t\t\t<\/div>\n\t\t\t\t<\/div>\n\t\t\t\t\t<\/div>\n\t\t<\/div>\n\t\t\t\t\t\t\t<\/div>\n\t\t<\/section>\n\t\t\t\t<section data-marvy_enable_drop_animation=\"false\" data-marvy_enable_fancy_rotate=\"false\" data-marvy_enable_flying_object=\"false\" data-marvy_enable_ripples_animation=\"false\" data-marvy_enable_waves_animation=\"false\" data-marvy_enable_rings_animation=\"false\" data-marvy_enable_topology_animation=\"false\" data-marvy_enable_gradient_animation=\"false\" data-marvy_enable_snow_animation=\"false\" data-marvy_enable_firework_animation=\"false\" data-marvy_enable_cloud_animation=\"false\" class=\"elementor-section elementor-top-section elementor-element elementor-element-4645929 elementor-section-boxed elementor-section-height-default elementor-section-height-default\" data-id=\"4645929\" data-element_type=\"section\">\n\t\t\t\t\t\t<div class=\"elementor-container elementor-column-gap-default\">\n\t\t\t\t\t<div class=\"elementor-column elementor-col-100 elementor-top-column elementor-element elementor-element-32ebfa2\" data-id=\"32ebfa2\" data-element_type=\"column\">\n\t\t\t<div class=\"elementor-widget-wrap\">\n\t\t\t\t\t\t\t\t\t<\/div>\n\t\t<\/div>\n\t\t\t\t\t\t\t<\/div>\n\t\t<\/section>\n\t\t\t\t\t\t\t<\/div>\n\t\t","protected":false},"excerpt":{"rendered":"<p>Acompa\u00f1amientos personalizados, romper brechas de g\u00e9nero y diagn\u00f3sticos m\u00e1s tempranos son claves para mejorar aprendizajes en matem\u00e1tica \u00a0 Nota de Infobae, fecha: Entrevista a Alejandro Maiche sobre la tecnolog\u00eda en el aula \u00a0 Nota en En Perspectiva del 10 de junio de 2019: sobre las sesiones de direcci\u00f3n de los organismos de ense\u00f1anza \u00a0 Nota [&hellip;]<\/p>\n","protected":false},"author":1,"featured_media":0,"parent":0,"menu_order":4,"comment_status":"closed","ping_status":"closed","template":"","meta":[],"_links":{"self":[{"href":"https:\/\/cognicionnumerica.cicea.uy\/en\/wp-json\/wp\/v2\/pages\/33"}],"collection":[{"href":"https:\/\/cognicionnumerica.cicea.uy\/en\/wp-json\/wp\/v2\/pages"}],"about":[{"href":"https:\/\/cognicionnumerica.cicea.uy\/en\/wp-json\/wp\/v2\/types\/page"}],"author":[{"embeddable":true,"href":"https:\/\/cognicionnumerica.cicea.uy\/en\/wp-json\/wp\/v2\/users\/1"}],"replies":[{"embeddable":true,"href":"https:\/\/cognicionnumerica.cicea.uy\/en\/wp-json\/wp\/v2\/comments?post=33"}],"version-history":[{"count":276,"href":"https:\/\/cognicionnumerica.cicea.uy\/en\/wp-json\/wp\/v2\/pages\/33\/revisions"}],"predecessor-version":[{"id":1784,"href":"https:\/\/cognicionnumerica.cicea.uy\/en\/wp-json\/wp\/v2\/pages\/33\/revisions\/1784"}],"wp:attachment":[{"href":"https:\/\/cognicionnumerica.cicea.uy\/en\/wp-json\/wp\/v2\/media?parent=33"}],"curies":[{"name":"wp","href":"https:\/\/api.w.org\/{rel}","templated":true}]}}